{"id":10,"date":"2022-07-27T13:19:42","date_gmt":"2022-07-27T13:19:42","guid":{"rendered":"http:\/\/havasikatalin.timarweb.hu\/?page_id=10"},"modified":"2023-06-14T08:25:46","modified_gmt":"2023-06-14T08:25:46","slug":"cimlap","status":"publish","type":"page","link":"https:\/\/havasikatalin.hu\/en\/cimlap\/","title":{"rendered":"C\u00edmlap"},"content":{"rendered":"","protected":false},"excerpt":{"rendered":"","protected":false},"author":1,"featured_media":0,"parent":0,"menu_order":0,"comment_status":"closed","ping_status":"closed","template":"template-home.php","meta":{"footnotes":""},"class_list":["post-10","page","type-page","status-publish","hentry"],"acf":[],"yoast_head":"<!-- This site is optimized with the Yoast SEO plugin v25.9 - https:\/\/yoast.com\/wordpress\/plugins\/seo\/ -->\n<title>Havasi Katalin<\/title>\n<meta name=\"description\" content=\"Gondolt\u00e1l m\u00e1r arra, hogy j\u00f3 lenne, ha valaki seg\u00edtene eligazodni az \u00e9letben \u00fagy, mint egy jelk\u00e9pes idegenvezet\u0151? Vannak helyzetek, melyeket k\u00f6nnyed\u00e9n siker\u00fcl megoldani az otthonr\u00f3l hozott, vagy id\u0151k\u00f6zben megszerzett megold\u00e1si mechanizmusokkal, de mindenki \u00e9let\u00e9ben ad\u00f3dnak olyan szitu\u00e1ci\u00f3k, melyeket a rendelkez\u00e9s\u00e9re \u00e1ll\u00f3 eszk\u00f6z\u00f6kkel nem tud sikeresen kezelni. S\u0151t, el\u0151fordul, hogy valaki \u00f6nsorsront\u00e1sban \u00e9li az \u00e9let\u00e9t, de nem veszi \u00e9szre addig, am\u00edg valaki nem seg\u00edt felismerni azokat a tudatalatti &quot;programokat&quot;, amelyekkel \u00fajra-, \u00e9s \u00fajra ism\u00e9tli a probl\u00e9m\u00e1t.\" \/>\n<meta name=\"robots\" content=\"index, follow, max-snippet:-1, max-image-preview:large, max-video-preview:-1\" \/>\n<link rel=\"canonical\" href=\"https:\/\/havasikatalin.hu\/en\/cimlap\/\" \/>\n<meta property=\"og:locale\" content=\"en_GB\" \/>\n<meta property=\"og:type\" content=\"article\" \/>\n<meta property=\"og:description\" content=\"Gondolt\u00e1l m\u00e1r arra, hogy j\u00f3 lenne, ha valaki seg\u00edtene eligazodni az \u00e9letben \u00fagy, mint egy jelk\u00e9pes idegenvezet\u0151? Vannak helyzetek, melyeket k\u00f6nnyed\u00e9n siker\u00fcl megoldani az otthonr\u00f3l hozott, vagy id\u0151k\u00f6zben megszerzett megold\u00e1si mechanizmusokkal, de mindenki \u00e9let\u00e9ben ad\u00f3dnak olyan szitu\u00e1ci\u00f3k, melyeket a rendelkez\u00e9s\u00e9re \u00e1ll\u00f3 eszk\u00f6z\u00f6kkel nem tud sikeresen kezelni. S\u0151t, el\u0151fordul, hogy valaki \u00f6nsorsront\u00e1sban \u00e9li az \u00e9let\u00e9t, de nem veszi \u00e9szre addig, am\u00edg valaki nem seg\u00edt felismerni azokat a tudatalatti &quot;programokat&quot;, amelyekkel \u00fajra-, \u00e9s \u00fajra ism\u00e9tli a probl\u00e9m\u00e1t.\" \/>\n<meta property=\"og:url\" content=\"https:\/\/havasikatalin.hu\/en\/cimlap\/\" \/>\n<meta property=\"og:site_name\" content=\"Havasi Katalin\" \/>\n<meta property=\"article:modified_time\" content=\"2023-06-14T08:25:46+00:00\" \/>\n<meta property=\"og:image\" content=\"https:\/\/havasikatalin.hu\/wp-content\/uploads\/2023\/03\/hero.webp\" \/>\n\t<meta property=\"og:image:width\" content=\"2000\" \/>\n\t<meta property=\"og:image:height\" content=\"1333\" \/>\n\t<meta property=\"og:image:type\" content=\"image\/webp\" \/>\n<meta name=\"twitter:card\" content=\"summary_large_image\" \/>\n<script type=\"application\/ld+json\" class=\"yoast-schema-graph\">{\"@context\":\"https:\/\/schema.org\",\"@graph\":[{\"@type\":\"WebPage\",\"@id\":\"https:\/\/havasikatalin.hu\/cimlap\/\",\"url\":\"https:\/\/havasikatalin.hu\/cimlap\/\",\"name\":\"\",\"isPartOf\":{\"@id\":\"https:\/\/havasikatalin.hu\/#website\"},\"datePublished\":\"2022-07-27T13:19:42+00:00\",\"dateModified\":\"2023-06-14T08:25:46+00:00\",\"description\":\"Gondolt\u00e1l m\u00e1r arra, hogy j\u00f3 lenne, ha valaki seg\u00edtene eligazodni az \u00e9letben \u00fagy, mint egy jelk\u00e9pes idegenvezet\u0151? Vannak helyzetek, melyeket k\u00f6nnyed\u00e9n siker\u00fcl megoldani az otthonr\u00f3l hozott, vagy id\u0151k\u00f6zben megszerzett megold\u00e1si mechanizmusokkal, de mindenki \u00e9let\u00e9ben ad\u00f3dnak olyan szitu\u00e1ci\u00f3k, melyeket a rendelkez\u00e9s\u00e9re \u00e1ll\u00f3 eszk\u00f6z\u00f6kkel nem tud sikeresen kezelni. S\u0151t, el\u0151fordul, hogy valaki \u00f6nsorsront\u00e1sban \u00e9li az \u00e9let\u00e9t, de nem veszi \u00e9szre addig, am\u00edg valaki nem seg\u00edt felismerni azokat a tudatalatti \\\"programokat\\\", amelyekkel \u00fajra-, \u00e9s \u00fajra ism\u00e9tli a probl\u00e9m\u00e1t.\",\"breadcrumb\":{\"@id\":\"https:\/\/havasikatalin.hu\/cimlap\/#breadcrumb\"},\"inLanguage\":\"en-GB\",\"potentialAction\":[{\"@type\":\"ReadAction\",\"target\":[\"https:\/\/havasikatalin.hu\/cimlap\/\"]}]},{\"@type\":\"BreadcrumbList\",\"@id\":\"https:\/\/havasikatalin.hu\/cimlap\/#breadcrumb\",\"itemListElement\":[{\"@type\":\"ListItem\",\"position\":1,\"name\":\"Kezd\u0151lap\",\"item\":\"https:\/\/havasikatalin.hu\/\"},{\"@type\":\"ListItem\",\"position\":2,\"name\":\"C\u00edmlap\"}]},{\"@type\":\"WebSite\",\"@id\":\"https:\/\/havasikatalin.hu\/#website\",\"url\":\"https:\/\/havasikatalin.hu\/\",\"name\":\"Havasi Katalin\",\"description\":\"hipn\u00f3zis, \u00f6nismeret, coaching\",\"publisher\":{\"@id\":\"https:\/\/havasikatalin.hu\/#organization\"},\"potentialAction\":[{\"@type\":\"SearchAction\",\"target\":{\"@type\":\"EntryPoint\",\"urlTemplate\":\"https:\/\/havasikatalin.hu\/?s={search_term_string}\"},\"query-input\":{\"@type\":\"PropertyValueSpecification\",\"valueRequired\":true,\"valueName\":\"search_term_string\"}}],\"inLanguage\":\"en-GB\"},{\"@type\":\"Organization\",\"@id\":\"https:\/\/havasikatalin.hu\/#organization\",\"name\":\"Havasi Katalin\",\"url\":\"https:\/\/havasikatalin.hu\/\",\"logo\":{\"@type\":\"ImageObject\",\"inLanguage\":\"en-GB\",\"@id\":\"https:\/\/havasikatalin.hu\/#\/schema\/logo\/image\/\",\"url\":\"https:\/\/havasikatalin.hu\/wp-content\/uploads\/2023\/03\/hero.webp\",\"contentUrl\":\"https:\/\/havasikatalin.hu\/wp-content\/uploads\/2023\/03\/hero.webp\",\"width\":2000,\"height\":1333,\"caption\":\"Havasi Katalin\"},\"image\":{\"@id\":\"https:\/\/havasikatalin.hu\/#\/schema\/logo\/image\/\"}}]}<\/script>\n<!-- \/ Yoast SEO plugin. -->","yoast_head_json":{"title":"Katalin Havasi","description":"Have you ever thought that it would be nice to have someone to help you navigate your way through life, like a symbolic tour guide? There are situations that can be easily solved with the coping mechanisms you bring from home or have acquired over time, but everyone has situations in their life that they cannot successfully handle with the tools at their disposal. In fact, it happens that someone lives their life in a state of self-destruction, but does not realize it until someone helps them recognize the subconscious \"programs\" that they use to repeat the problem over and over again.","robots":{"index":"index","follow":"follow","max-snippet":"max-snippet:-1","max-image-preview":"max-image-preview:large","max-video-preview":"max-video-preview:-1"},"canonical":"https:\/\/havasikatalin.hu\/en\/cimlap\/","og_locale":"en_GB","og_type":"article","og_description":"Gondolt\u00e1l m\u00e1r arra, hogy j\u00f3 lenne, ha valaki seg\u00edtene eligazodni az \u00e9letben \u00fagy, mint egy jelk\u00e9pes idegenvezet\u0151? Vannak helyzetek, melyeket k\u00f6nnyed\u00e9n siker\u00fcl megoldani az otthonr\u00f3l hozott, vagy id\u0151k\u00f6zben megszerzett megold\u00e1si mechanizmusokkal, de mindenki \u00e9let\u00e9ben ad\u00f3dnak olyan szitu\u00e1ci\u00f3k, melyeket a rendelkez\u00e9s\u00e9re \u00e1ll\u00f3 eszk\u00f6z\u00f6kkel nem tud sikeresen kezelni. S\u0151t, el\u0151fordul, hogy valaki \u00f6nsorsront\u00e1sban \u00e9li az \u00e9let\u00e9t, de nem veszi \u00e9szre addig, am\u00edg valaki nem seg\u00edt felismerni azokat a tudatalatti \"programokat\", amelyekkel \u00fajra-, \u00e9s \u00fajra ism\u00e9tli a probl\u00e9m\u00e1t.","og_url":"https:\/\/havasikatalin.hu\/en\/cimlap\/","og_site_name":"Havasi Katalin","article_modified_time":"2023-06-14T08:25:46+00:00","og_image":[{"width":2000,"height":1333,"url":"https:\/\/havasikatalin.hu\/wp-content\/uploads\/2023\/03\/hero.webp","type":"image\/webp"}],"twitter_card":"summary_large_image","schema":{"@context":"https:\/\/schema.org","@graph":[{"@type":"WebPage","@id":"https:\/\/havasikatalin.hu\/cimlap\/","url":"https:\/\/havasikatalin.hu\/cimlap\/","name":"","isPartOf":{"@id":"https:\/\/havasikatalin.hu\/#website"},"datePublished":"2022-07-27T13:19:42+00:00","dateModified":"2023-06-14T08:25:46+00:00","description":"Have you ever thought that it would be nice to have someone to help you navigate your way through life, like a symbolic tour guide? There are situations that can be easily solved with the coping mechanisms you bring from home or have acquired over time, but everyone has situations in their life that they cannot successfully handle with the tools at their disposal. In fact, it happens that someone lives their life in a state of self-destruction, but does not realize it until someone helps them recognize the subconscious \"programs\" that they use to repeat the problem over and over again.","breadcrumb":{"@id":"https:\/\/havasikatalin.hu\/cimlap\/#breadcrumb"},"inLanguage":"en-GB","potentialAction":[{"@type":"ReadAction","target":["https:\/\/havasikatalin.hu\/cimlap\/"]}]},{"@type":"BreadcrumbList","@id":"https:\/\/havasikatalin.hu\/cimlap\/#breadcrumb","itemListElement":[{"@type":"ListItem","position":1,"name":"Kezd\u0151lap","item":"https:\/\/havasikatalin.hu\/"},{"@type":"ListItem","position":2,"name":"C\u00edmlap"}]},{"@type":"WebSite","@id":"https:\/\/havasikatalin.hu\/#website","url":"https:\/\/havasikatalin.hu\/","name":"Katalin Havasi","description":"hypnosis, self-development, coaching","publisher":{"@id":"https:\/\/havasikatalin.hu\/#organization"},"potentialAction":[{"@type":"SearchAction","target":{"@type":"EntryPoint","urlTemplate":"https:\/\/havasikatalin.hu\/?s={search_term_string}"},"query-input":{"@type":"PropertyValueSpecification","valueRequired":true,"valueName":"search_term_string"}}],"inLanguage":"en-GB"},{"@type":"Organization","@id":"https:\/\/havasikatalin.hu\/#organization","name":"Katalin Havasi","url":"https:\/\/havasikatalin.hu\/","logo":{"@type":"ImageObject","inLanguage":"en-GB","@id":"https:\/\/havasikatalin.hu\/#\/schema\/logo\/image\/","url":"https:\/\/havasikatalin.hu\/wp-content\/uploads\/2023\/03\/hero.webp","contentUrl":"https:\/\/havasikatalin.hu\/wp-content\/uploads\/2023\/03\/hero.webp","width":2000,"height":1333,"caption":"Havasi Katalin"},"image":{"@id":"https:\/\/havasikatalin.hu\/#\/schema\/logo\/image\/"}}]}},"_links":{"self":[{"href":"https:\/\/havasikatalin.hu\/en\/wp-json\/wp\/v2\/pages\/10","targetHints":{"allow":["GET"]}}],"collection":[{"href":"https:\/\/havasikatalin.hu\/en\/wp-json\/wp\/v2\/pages"}],"about":[{"href":"https:\/\/havasikatalin.hu\/en\/wp-json\/wp\/v2\/types\/page"}],"author":[{"embeddable":true,"href":"https:\/\/havasikatalin.hu\/en\/wp-json\/wp\/v2\/users\/1"}],"replies":[{"embeddable":true,"href":"https:\/\/havasikatalin.hu\/en\/wp-json\/wp\/v2\/comments?post=10"}],"version-history":[{"count":66,"href":"https:\/\/havasikatalin.hu\/en\/wp-json\/wp\/v2\/pages\/10\/revisions"}],"predecessor-version":[{"id":594,"href":"https:\/\/havasikatalin.hu\/en\/wp-json\/wp\/v2\/pages\/10\/revisions\/594"}],"wp:attachment":[{"href":"https:\/\/havasikatalin.hu\/en\/wp-json\/wp\/v2\/media?parent=10"}],"curies":[{"name":"wp","href":"https:\/\/api.w.org\/{rel}","templated":true}]}}